{"id":27682,"date":"2024-07-11T15:26:53","date_gmt":"2024-07-11T19:26:53","guid":{"rendered":"https:\/\/vibra.com\/?post_type=product&#038;p=27682"},"modified":"2024-08-21T12:53:14","modified_gmt":"2024-08-21T16:53:14","slug":"shot-peening-and-blast-cleaning-media","status":"publish","type":"product","link":"https:\/\/vibra.com\/fr\/produit\/shot-peening-and-blast-cleaning-media\/","title":{"rendered":"M\u00c9DIA DE GRENAILLAGE ET SABLAGE"},"content":{"rendered":"","protected":false},"excerpt":{"rendered":"<p>Le m\u00e9dia est propuls\u00e9 \u00e0 grande vitesse pendant les op\u00e9rations de grenaillage et de sablage. Il existe diff\u00e9rents types de grenaille pour votre application. Les grenailles de fil de fer et d'acier moul\u00e9 peuvent \u00eatre utilis\u00e9es \u00e0 la fois pour le grenaillage de pr\u00e9contrainte et le grenaillage de pr\u00e9contrainte, tandis que les grenailles de plastique et les grains sont essentiellement utilis\u00e9s pour le grenaillage de pr\u00e9contrainte. Nos m\u00e9dias sont disponibles dans une large gamme de tailles dans chaque cat\u00e9gorie (fil coup\u00e9, grenaille d'acier coul\u00e9, sable, etc.). Des tailles personnalis\u00e9es sont disponibles sur demande.<\/p>","protected":false},"featured_media":27686,"comment_status":"open","ping_status":"closed","template":"","meta":{"_acf_changed":false,"site-sidebar-layout":"default","site-content-layout":"","ast-site-content-layout":"default","site-content-style":"default","site-sidebar-style":"default","ast-global-header-display":"","ast-banner-title-visibility":"","ast-main-header-display":"","ast-hfb-above-header-display":"","ast-hfb-below-header-display":"","ast-hfb-mobile-header-display":"","site-post-title":"","ast-breadcrumbs-content":"","ast-featured-img":"","footer-sml-layout":"","theme-transparent-header-meta":"default","adv-header-id-meta":"","stick-header-meta":"","header-above-stick-meta":"","header-main-stick-meta":"","header-below-stick-meta":"","astra-migrate-meta-layouts":"set","ast-page-background-enabled":"default","ast-page-background-meta":{"desktop":{"background-color":"var(--ast-global-color-4)","background-image":"","background-repeat":"repeat","background-position":"center center","background-size":"auto","background-attachment":"scroll","background-type":"","background-media":"","overlay-type":"","overlay-color":"","overlay-opacity":"","overlay-gradient":""},"tablet":{"background-color":"","background-image":"","background-repeat":"repeat","background-position":"center center","background-size":"auto","background-attachment":"scroll","background-type":"","background-media":"","overlay-type":"","overlay-color":"","overlay-opacity":"","overlay-gradient":""},"mobile":{"background-color":"","background-image":"","background-repeat":"repeat","background-position":"center center","background-size":"auto","background-attachment":"scroll","background-type":"","background-media":"","overlay-type":"","overlay-color":"","overlay-opacity":"","overlay-gradient":""}},"ast-content-background-meta":{"desktop":{"background-color":"var(--ast-global-color-5)","background-image":"","background-repeat":"repeat","background-position":"center center","background-size":"auto","background-attachment":"scroll","background-type":"","background-media":"","overlay-type":"","overlay-color":"","overlay-opacity":"","overlay-gradient":""},"tablet":{"background-color":"var(--ast-global-color-5)","background-image":"","background-repeat":"repeat","background-position":"center center","background-size":"auto","background-attachment":"scroll","background-type":"","background-media":"","overlay-type":"","overlay-color":"","overlay-opacity":"","overlay-gradient":""},"mobile":{"background-color":"var(--ast-global-color-5)","background-image":"","background-repeat":"repeat","background-position":"center center","background-size":"auto","background-attachment":"scroll","background-type":"","background-media":"","overlay-type":"","overlay-color":"","overlay-opacity":"","overlay-gradient":""}}},"product_cat":[103],"product_tag":[91],"class_list":{"0":"post-27682","1":"product","2":"type-product","3":"status-publish","4":"has-post-thumbnail","6":"product_cat-shot-peening","7":"product_tag-media","8":"desktop-align-left","9":"tablet-align-left","10":"mobile-align-left","12":"first","13":"instock","14":"shipping-taxable","15":"product-type-simple"},"acf":[],"_links":{"self":[{"href":"https:\/\/vibra.com\/fr\/wp-json\/wp\/v2\/product\/27682","targetHints":{"allow":["GET"]}}],"collection":[{"href":"https:\/\/vibra.com\/fr\/wp-json\/wp\/v2\/product"}],"about":[{"href":"https:\/\/vibra.com\/fr\/wp-json\/wp\/v2\/types\/product"}],"replies":[{"embeddable":true,"href":"https:\/\/vibra.com\/fr\/wp-json\/wp\/v2\/comments?post=27682"}],"wp:featuredmedia":[{"embeddable":true,"href":"https:\/\/vibra.com\/fr\/wp-json\/wp\/v2\/media\/27686"}],"wp:attachment":[{"href":"https:\/\/vibra.com\/fr\/wp-json\/wp\/v2\/media?parent=27682"}],"wp:term":[{"taxonomy":"product_cat","embeddable":true,"href":"https:\/\/vibra.com\/fr\/wp-json\/wp\/v2\/product_cat?post=27682"},{"taxonomy":"product_tag","embeddable":true,"href":"https:\/\/vibra.com\/fr\/wp-json\/wp\/v2\/product_tag?post=27682"}],"curies":[{"name":"wp","href":"https:\/\/api.w.org\/{rel}","templated":true}]}}